{"id":34,"date":"2024-01-28T09:13:52","date_gmt":"2024-01-28T08:13:52","guid":{"rendered":"https:\/\/pohankova.cz\/?page_id=34"},"modified":"2024-01-28T10:07:15","modified_gmt":"2024-01-28T09:07:15","slug":"home","status":"publish","type":"page","link":"https:\/\/pohankova.cz\/","title":{"rendered":"Home"},"content":{"rendered":"<style>.kb-row-layout-id34_83b2c3-ed > .kt-row-column-wrap{align-content:end;}:where(.kb-row-layout-id34_83b2c3-ed > .kt-row-column-wrap) > .wp-block-kadence-column{justify-content:end;}.kb-row-layout-id34_83b2c3-ed > .kt-row-column-wrap{column-gap:var(--global-kb-gap-md, 2rem);row-gap:var(--global-kb-gap-md, 2rem);max-width:var( --global-content-width, 1290px );padding-left:var(--global-content-edge-padding);padding-right:var(--global-content-edge-padding);padding-top:var(--global-kb-spacing-5xl, 10rem);padding-bottom:var(--global-kb-spacing-4xl, 8rem);min-height:650px;grid-template-columns:minmax(0, 1fr);}.kb-row-layout-id34_83b2c3-ed{background-image:url('https:\/\/pohankova.cz\/wp-content\/uploads\/2024\/01\/snow-covered-mountain-during-sunrise-618833-1024x684.jpg');background-size:cover;background-position:center center;background-attachment:scroll;background-repeat:no-repeat;}.kb-row-layout-id34_83b2c3-ed > .kt-row-layout-overlay{opacity:0.85;background-color:var(--global-palette3, #1A202C);mix-blend-mode:normal;}@media all and (max-width: 1024px){.kb-row-layout-id34_83b2c3-ed > .kt-row-column-wrap{grid-template-columns:minmax(0, 1fr);}}@media all and (max-width: 767px){.kb-row-layout-id34_83b2c3-ed > .kt-row-column-wrap{padding-top:var(--global-kb-spacing-xl, 4rem);padding-bottom:var(--global-kb-spacing-xl, 4rem);grid-template-columns:minmax(0, 1fr);}}<\/style><div class=\"kb-row-layout-wrap kb-row-layout-id34_83b2c3-ed alignfull kt-row-has-bg wp-block-kadence-rowlayout\"><div class=\"kt-row-layout-overlay kt-row-overlay-normal\"><\/div><div class=\"kt-row-column-wrap kt-has-1-columns kt-row-layout-equal kt-tab-layout-inherit kt-mobile-layout-row kt-row-valign-bottom kb-theme-content-width\">\n<style>.kadence-column34_f069c4-da > .kt-inside-inner-col,.kadence-column34_f069c4-da > .kt-inside-inner-col:before{border-top-left-radius:0px;border-top-right-radius:0px;border-bottom-right-radius:0px;border-bottom-left-radius:0px;}.kadence-column34_f069c4-da > .kt-inside-inner-col{column-gap:var(--global-kb-gap-sm, 1rem);}.kadence-column34_f069c4-da > .kt-inside-inner-col{flex-direction:column;}.kadence-column34_f069c4-da > .kt-inside-inner-col > .aligncenter{width:100%;}.kadence-column34_f069c4-da > .kt-inside-inner-col:before{opacity:0.3;}.kadence-column34_f069c4-da{position:relative;}@media all and (max-width: 1024px){.kadence-column34_f069c4-da > .kt-inside-inner-col{flex-direction:column;justify-content:center;}}@media all and (max-width: 767px){.kadence-column34_f069c4-da > .kt-inside-inner-col{flex-direction:column;justify-content:center;}}<\/style>\n<div class=\"wp-block-kadence-column kadence-column34_f069c4-da inner-column-1\"><div class=\"kt-inside-inner-col\"><style>.wp-block-kadence-advancedheading.kt-adv-heading34_21e3d8-b5, .wp-block-kadence-advancedheading.kt-adv-heading34_21e3d8-b5[data-kb-block=\"kb-adv-heading34_21e3d8-b5\"]{text-align:center;font-size:80px;line-height:1.1;font-style:normal;}.wp-block-kadence-advancedheading.kt-adv-heading34_21e3d8-b5 mark.kt-highlight, .wp-block-kadence-advancedheading.kt-adv-heading34_21e3d8-b5[data-kb-block=\"kb-adv-heading34_21e3d8-b5\"] mark.kt-highlight{font-style:normal;color:#f76a0c;-webkit-box-decoration-break:clone;box-decoration-break:clone;padding-top:0px;padding-right:0px;padding-bottom:0px;padding-left:0px;}@media all and (max-width: 1024px){.wp-block-kadence-advancedheading.kt-adv-heading34_21e3d8-b5, .wp-block-kadence-advancedheading.kt-adv-heading34_21e3d8-b5[data-kb-block=\"kb-adv-heading34_21e3d8-b5\"]{font-size:60px;}}@media all and (max-width: 767px){.wp-block-kadence-advancedheading.kt-adv-heading34_21e3d8-b5, .wp-block-kadence-advancedheading.kt-adv-heading34_21e3d8-b5[data-kb-block=\"kb-adv-heading34_21e3d8-b5\"]{font-size:40px;}}<\/style>\n<h1 class=\"kt-adv-heading34_21e3d8-b5 wp-block-kadence-advancedheading has-theme-palette-9-color has-text-color\" data-kb-block=\"kb-adv-heading34_21e3d8-b5\">Rozcestn\u00edk<\/h1>\n\n\n<style>.wp-block-kadence-advancedheading.kt-adv-heading34_02e5b6-c3, .wp-block-kadence-advancedheading.kt-adv-heading34_02e5b6-c3[data-kb-block=\"kb-adv-heading34_02e5b6-c3\"]{max-width:600px;margin-right:auto;margin-left:auto;text-align:center;font-style:normal;}.wp-block-kadence-advancedheading.kt-adv-heading34_02e5b6-c3 mark.kt-highlight, .wp-block-kadence-advancedheading.kt-adv-heading34_02e5b6-c3[data-kb-block=\"kb-adv-heading34_02e5b6-c3\"] mark.kt-highlight{font-style:normal;color:#f76a0c;-webkit-box-decoration-break:clone;box-decoration-break:clone;padding-top:0px;padding-right:0px;padding-bottom:0px;padding-left:0px;}<\/style>\n<p class=\"kt-adv-heading34_02e5b6-c3 wp-block-kadence-advancedheading has-theme-palette-8-color has-text-color\" data-kb-block=\"kb-adv-heading34_02e5b6-c3\">pro v\u0161echny \u017eeny z rodiny Pohank\u016f. Ka\u017ed\u00e1 z t\u011bchto \u017een nese s sebou sv\u016fj vlastn\u00ed jedine\u010dn\u00fd p\u0159\u00edb\u011bh a kliknut\u00edm na jej\u00ed obr\u00e1zek se p\u0159esunete na jej\u00ed webov\u00e9 str\u00e1nky.<\/p>\n\n\n<style>.kb-row-layout-id34_d41cab-03 > .kt-row-column-wrap{align-content:start;}:where(.kb-row-layout-id34_d41cab-03 > .kt-row-column-wrap) > .wp-block-kadence-column{justify-content:start;}.kb-row-layout-id34_d41cab-03 > .kt-row-column-wrap{column-gap:var(--global-kb-gap-none, 0rem );row-gap:var(--global-kb-gap-none, 0rem );max-width:300px;margin-left:auto;margin-right:auto;padding-top:0px;padding-bottom:0px;grid-template-columns:minmax(0, 1fr);}.kb-row-layout-id34_d41cab-03 > .kt-row-layout-overlay{opacity:0.30;}@media all and (max-width: 1024px){.kb-row-layout-id34_d41cab-03 > .kt-row-column-wrap{grid-template-columns:minmax(0, 1fr);}}@media all and (max-width: 767px){.kb-row-layout-id34_d41cab-03 > .kt-row-column-wrap{grid-template-columns:minmax(0, 1fr);}}.kb-row-layout-id34_d41cab-03 .gray-img {  opacity: 0.2;}<\/style><div class=\"kb-row-layout-wrap kb-row-layout-id34_d41cab-03 alignfull wp-block-kadence-rowlayout\"><div class=\"kt-row-column-wrap kt-has-1-columns kt-row-layout-equal kt-tab-layout-inherit kt-mobile-layout-row kt-row-valign-top kt-inner-column-height-full\">\n<style>.kadence-column34_6b4aef-d2 > .kt-inside-inner-col{padding-top:var(--global-kb-spacing-xl, 4rem);padding-right:var(--global-kb-spacing-md, 2rem);padding-bottom:var(--global-kb-spacing-xl, 4rem);padding-left:var(--global-kb-spacing-md, 2rem);}.kadence-column34_6b4aef-d2 > .kt-inside-inner-col{border-right:0px solid var(--global-palette8, #F7FAFC);}.kadence-column34_6b4aef-d2 > .kt-inside-inner-col,.kadence-column34_6b4aef-d2 > .kt-inside-inner-col:before{border-top-left-radius:30px;border-top-right-radius:30px;border-bottom-right-radius:30px;border-bottom-left-radius:30px;}.kadence-column34_6b4aef-d2 > .kt-inside-inner-col{column-gap:var(--global-kb-gap-sm, 1rem);}.kadence-column34_6b4aef-d2 > .kt-inside-inner-col{flex-direction:column;}.kadence-column34_6b4aef-d2 > .kt-inside-inner-col > .aligncenter{width:100%;}.kadence-column34_6b4aef-d2 > .kt-inside-inner-col{background-color:var(--global-palette7, #EDF2F7);}.kadence-column34_6b4aef-d2:hover > .kt-inside-inner-col{background-color:var(--global-palette2, #2B6CB0);background-image:none;}.kadence-column34_6b4aef-d2 > .kt-inside-inner-col:before{opacity:0.3;}.kadence-column34_6b4aef-d2{position:relative;}@media all and (max-width: 1024px){.kadence-column34_6b4aef-d2 > .kt-inside-inner-col{border-top:0px solid var(--global-palette8, #F7FAFC);border-right:0px solid var(--global-palette8, #F7FAFC);border-bottom:0px solid var(--global-palette8, #F7FAFC);border-left:0px solid var(--global-palette8, #F7FAFC);flex-direction:column;justify-content:center;}}@media all and (max-width: 767px){.kadence-column34_6b4aef-d2 > .kt-inside-inner-col{border-top:0px solid var(--global-palette8, #F7FAFC);border-right:0px solid var(--global-palette8, #F7FAFC);border-bottom:0px solid var(--global-palette8, #F7FAFC);border-left:0px solid var(--global-palette8, #F7FAFC);flex-direction:column;justify-content:center;}}<\/style>\n<div class=\"wp-block-kadence-column kadence-column34_6b4aef-d2\"><div class=\"kt-inside-inner-col\"><style>.wp-block-kadence-image.kb-image34_d28522-05:not(.kb-specificity-added):not(.kb-extra-specificity-added){margin-bottom:0px;}.kb-image34_d28522-05.kb-image-is-ratio-size, .kb-image34_d28522-05 .kb-image-is-ratio-size{max-width:180px;width:100%;}.wp-block-kadence-column > .kt-inside-inner-col > .kb-image34_d28522-05.kb-image-is-ratio-size, .wp-block-kadence-column > .kt-inside-inner-col > .kb-image34_d28522-05 .kb-image-is-ratio-size{align-self:unset;}.kb-image34_d28522-05 figure{max-width:180px;}.kb-image34_d28522-05 .image-is-svg, .kb-image34_d28522-05 .image-is-svg img{width:100%;}.kb-image34_d28522-05 .kb-image-has-overlay:after{opacity:0.3;border-top-left-radius:30px;border-top-right-radius:30px;border-bottom-right-radius:30px;border-bottom-left-radius:30px;}.kb-image34_d28522-05 img.kb-img, .kb-image34_d28522-05 .kb-img img{border-top-left-radius:30px;border-top-right-radius:30px;border-bottom-right-radius:30px;border-bottom-left-radius:30px;}<\/style>\n<div class=\"wp-block-kadence-image kb-image34_d28522-05\"><figure class=\"aligncenter\"><a href=\"https:\/\/alena.pohankova.cz\/\" class=\"kb-advanced-image-link\"><img loading=\"lazy\" decoding=\"async\" width=\"800\" height=\"800\" src=\"https:\/\/pohankova.cz\/wp-content\/uploads\/2024\/01\/AlcaPortretWithBackground.png\" class=\"kb-img wp-image-57\" srcset=\"https:\/\/pohankova.cz\/wp-content\/uploads\/2024\/01\/AlcaPortretWithBackground.png 800w, https:\/\/pohankova.cz\/wp-content\/uploads\/2024\/01\/AlcaPortretWithBackground-300x300.png 300w, https:\/\/pohankova.cz\/wp-content\/uploads\/2024\/01\/AlcaPortretWithBackground-150x150.png 150w, https:\/\/pohankova.cz\/wp-content\/uploads\/2024\/01\/AlcaPortretWithBackground-768x768.png 768w\" sizes=\"auto, (max-width: 800px) 100vw, 800px\" \/><\/a><\/figure><\/div>\n\n\n<style>.wp-block-kadence-advancedheading.kt-adv-heading34_2ba834-d0, .wp-block-kadence-advancedheading.kt-adv-heading34_2ba834-d0[data-kb-block=\"kb-adv-heading34_2ba834-d0\"]{margin-top:var(--global-kb-spacing-xs, 1rem);text-align:center;font-size:26px;line-height:1.2;font-style:normal;}.wp-block-kadence-advancedheading.kt-adv-heading34_2ba834-d0 mark.kt-highlight, .wp-block-kadence-advancedheading.kt-adv-heading34_2ba834-d0[data-kb-block=\"kb-adv-heading34_2ba834-d0\"] mark.kt-highlight{font-style:normal;color:#f76a0c;-webkit-box-decoration-break:clone;box-decoration-break:clone;padding-top:0px;padding-right:0px;padding-bottom:0px;padding-left:0px;}<\/style>\n<h2 class=\"kt-adv-heading34_2ba834-d0 wp-block-kadence-advancedheading has-theme-palette-3-color has-text-color\" data-kb-block=\"kb-adv-heading34_2ba834-d0\">Al\u010da<\/h2>\n\n\n<style>.wp-block-kadence-advancedheading.kt-adv-heading34_12aa17-db, .wp-block-kadence-advancedheading.kt-adv-heading34_12aa17-db[data-kb-block=\"kb-adv-heading34_12aa17-db\"]{margin-bottom:0px;text-align:center;font-style:normal;}.wp-block-kadence-advancedheading.kt-adv-heading34_12aa17-db mark.kt-highlight, .wp-block-kadence-advancedheading.kt-adv-heading34_12aa17-db[data-kb-block=\"kb-adv-heading34_12aa17-db\"] mark.kt-highlight{font-style:normal;color:#f76a0c;-webkit-box-decoration-break:clone;box-decoration-break:clone;padding-top:0px;padding-right:0px;padding-bottom:0px;padding-left:0px;}<\/style>\n<p class=\"kt-adv-heading34_12aa17-db wp-block-kadence-advancedheading has-theme-palette-5-color has-text-color\" data-kb-block=\"kb-adv-heading34_12aa17-db\">U\u010ditelka na prvn\u00edm stupni. Autorka projektu T\u0159et\u00ed T\u0159\u00edda Hrav\u011b<\/p>\n<\/div><\/div>\n\n<\/div><\/div><\/div><\/div>\n\n<\/div><\/div>","protected":false},"excerpt":{"rendered":"<p>Rozcestn\u00edk pro v\u0161echny \u017eeny z rodiny Pohank\u016f. Ka\u017ed\u00e1 z t\u011bchto \u017een nese s sebou sv\u016fj vlastn\u00ed jedine\u010dn\u00fd p\u0159\u00edb\u011bh a kliknut\u00edm na jej\u00ed obr\u00e1zek se p\u0159esunete na jej\u00ed webov\u00e9 str\u00e1nky. Al\u010da U\u010ditelka na prvn\u00edm stupni. Autorka projektu T\u0159et\u00ed T\u0159\u00edda Hrav\u011b<\/p>\n","protected":false},"author":1,"featured_media":0,"parent":0,"menu_order":0,"comment_status":"closed","ping_status":"closed","template":"","meta":{"_kadence_starter_templates_imported_post":true,"_kad_post_transparent":"","_kad_post_title":"hide","_kad_post_layout":"fullwidth","_kad_post_sidebar_id":"","_kad_post_content_style":"unboxed","_kad_post_vertical_padding":"hide","_kad_post_feature":"hide","_kad_post_feature_position":"","_kad_post_header":false,"_kad_post_footer":false,"_kad_post_classname":"","footnotes":""},"class_list":["post-34","page","type-page","status-publish","hentry"],"_links":{"self":[{"href":"https:\/\/pohankova.cz\/index.php?rest_route=\/wp\/v2\/pages\/34","targetHints":{"allow":["GET"]}}],"collection":[{"href":"https:\/\/pohankova.cz\/index.php?rest_route=\/wp\/v2\/pages"}],"about":[{"href":"https:\/\/pohankova.cz\/index.php?rest_route=\/wp\/v2\/types\/page"}],"author":[{"embeddable":true,"href":"https:\/\/pohankova.cz\/index.php?rest_route=\/wp\/v2\/users\/1"}],"replies":[{"embeddable":true,"href":"https:\/\/pohankova.cz\/index.php?rest_route=%2Fwp%2Fv2%2Fcomments&post=34"}],"version-history":[{"count":3,"href":"https:\/\/pohankova.cz\/index.php?rest_route=\/wp\/v2\/pages\/34\/revisions"}],"predecessor-version":[{"id":60,"href":"https:\/\/pohankova.cz\/index.php?rest_route=\/wp\/v2\/pages\/34\/revisions\/60"}],"wp:attachment":[{"href":"https:\/\/pohankova.cz\/index.php?rest_route=%2Fwp%2Fv2%2Fmedia&parent=34"}],"curies":[{"name":"wp","href":"https:\/\/api.w.org\/{rel}","templated":true}]}}